{"id":514,"date":"2023-03-27T01:05:53","date_gmt":"2023-03-27T05:05:53","guid":{"rendered":"https:\/\/www.tcomhaiti.com\/?page_id=514"},"modified":"2023-07-21T12:05:21","modified_gmt":"2023-07-21T16:05:21","slug":"news","status":"publish","type":"page","link":"https:\/\/www.tcomhaiti.com\/en\/news\/","title":{"rendered":"News &#038; Events"},"content":{"rendered":"\t\t<div data-elementor-type=\"wp-page\" data-elementor-id=\"514\" class=\"elementor elementor-514 elementor-329\" data-elementor-post-type=\"page\">\n\t\t\t\t\t\t<section class=\"elementor-section elementor-top-section elementor-element elementor-element-910ede1 elementor-section-content-bottom elementor-section-boxed elementor-section-height-default elementor-section-height-default\" data-id=\"910ede1\" data-element_type=\"section\" data-settings=\"{&quot;background_background&quot;:&quot;classic&quot;}\">\n\t\t\t\t\t\t\t<div class=\"elementor-background-overlay\"><\/div>\n\t\t\t\t\t\t\t<div class=\"elementor-container elementor-column-gap-default\">\n\t\t\t\t\t<div class=\"elementor-column elementor-col-100 elementor-top-column elementor-element elementor-element-25f498a\" data-id=\"25f498a\" data-element_type=\"column\">\n\t\t\t<div class=\"elementor-widget-wrap elementor-element-populated\">\n\t\t\t\t\t\t<section class=\"elementor-section elementor-inner-section elementor-element elementor-element-fc57d89 elementor-section-boxed elementor-section-height-default elementor-section-height-default\" data-id=\"fc57d89\" data-element_type=\"section\">\n\t\t\t\t\t\t<div class=\"elementor-container elementor-column-gap-default\">\n\t\t\t\t\t<div class=\"elementor-column elementor-col-100 elementor-inner-column elementor-element elementor-element-1065f39\" data-id=\"1065f39\" data-element_type=\"column\">\n\t\t\t<div class=\"elementor-widget-wrap elementor-element-populated\">\n\t\t\t\t\t\t<div class=\"elementor-element elementor-element-2e04bf8 elementor-hidden-mobile elementor-widget elementor-widget-spacer\" data-id=\"2e04bf8\" data-element_type=\"widget\" data-widget_type=\"spacer.default\">\n\t\t\t\t<div class=\"elementor-widget-container\">\n\t\t\t\t\t\t\t<div class=\"elementor-spacer\">\n\t\t\t<div class=\"elementor-spacer-inner\"><\/div>\n\t\t<\/div>\n\t\t\t\t\t\t<\/div>\n\t\t\t\t<\/div>\n\t\t\t\t<div class=\"elementor-element elementor-element-2519323 elementor-widget elementor-widget-heading\" data-id=\"2519323\" data-element_type=\"widget\" data-widget_type=\"heading.default\">\n\t\t\t\t<div class=\"elementor-widget-container\">\n\t\t\t\t\t<h1 class=\"elementor-heading-title elementor-size-default\">News &amp; Events<\/h1>\t\t\t\t<\/div>\n\t\t\t\t<\/div>\n\t\t\t\t<div class=\"elementor-element elementor-element-51cd20b elementor-widget elementor-widget-text-editor\" data-id=\"51cd20b\" data-element_type=\"widget\" data-widget_type=\"text-editor.default\">\n\t\t\t\t<div class=\"elementor-widget-container\">\n\t\t\t\t\t\t\t\t\t<p>All the news from TCOM and its artists.<\/p>\t\t\t\t\t\t\t\t<\/div>\n\t\t\t\t<\/div>\n\t\t\t\t\t<\/div>\n\t\t<\/div>\n\t\t\t\t\t<\/div>\n\t\t<\/section>\n\t\t\t\t\t<\/div>\n\t\t<\/div>\n\t\t\t\t\t<\/div>\n\t\t<\/section>\n\t\t\t\t<section class=\"elementor-section elementor-top-section elementor-element elementor-element-1691bb1d elementor-section-boxed elementor-section-height-default elementor-section-height-default\" data-id=\"1691bb1d\" data-element_type=\"section\">\n\t\t\t\t\t\t<div class=\"elementor-container elementor-column-gap-default\">\n\t\t\t\t\t<div class=\"elementor-column elementor-col-100 elementor-top-column elementor-element elementor-element-4381685\" data-id=\"4381685\" data-element_type=\"column\">\n\t\t\t<div class=\"elementor-widget-wrap elementor-element-populated\">\n\t\t\t\t\t\t<div class=\"elementor-element elementor-element-38e42b3a elementor-widget elementor-widget-jkit_post_block\" data-id=\"38e42b3a\" data-element_type=\"widget\" data-widget_type=\"jkit_post_block.default\">\n\t\t\t\t<div class=\"elementor-widget-container\">\n\t\t\t\t\t<div  class=\"jeg-elementor-kit jkit-postblock postblock-type-3 jkit-pagination-nextprev post-element jeg_module___69f50a49a8ed8\"  data-id=\"jeg_module___69f50a49a8ed8\" data-settings=\"{&quot;post_type&quot;:&quot;post&quot;,&quot;number_post&quot;:{&quot;unit&quot;:&quot;px&quot;,&quot;size&quot;:6,&quot;sizes&quot;:[]},&quot;post_offset&quot;:0,&quot;unique_content&quot;:&quot;disable&quot;,&quot;include_post&quot;:&quot;&quot;,&quot;exclude_post&quot;:&quot;&quot;,&quot;include_category&quot;:&quot;&quot;,&quot;exclude_category&quot;:&quot;&quot;,&quot;include_author&quot;:&quot;&quot;,&quot;include_tag&quot;:&quot;&quot;,&quot;exclude_tag&quot;:&quot;&quot;,&quot;sort_by&quot;:&quot;latest&quot;,&quot;pagination_mode&quot;:&quot;nextprev&quot;,&quot;pagination_loadmore_text&quot;:&quot;Load More&quot;,&quot;pagination_loading_text&quot;:&quot;Loading...&quot;,&quot;pagination_number_post&quot;:{&quot;unit&quot;:&quot;px&quot;,&quot;size&quot;:3,&quot;sizes&quot;:[]},&quot;pagination_scroll_limit&quot;:0,&quot;pagination_icon&quot;:{&quot;value&quot;:&quot;&quot;,&quot;library&quot;:&quot;&quot;},&quot;pagination_icon_position&quot;:&quot;before&quot;,&quot;st_category_position&quot;:&quot;center&quot;,&quot;sg_content_postblock_type&quot;:&quot;type-3&quot;,&quot;sg_content_element_order&quot;:&quot;title&quot;,&quot;sg_content_breakpoint&quot;:&quot;tablet&quot;,&quot;sg_content_title_html_tag&quot;:&quot;h3&quot;,&quot;sg_content_category_enable&quot;:&quot;&quot;,&quot;sg_content_excerpt_enable&quot;:&quot;&quot;,&quot;sg_content_excerpt_length&quot;:{&quot;unit&quot;:&quot;px&quot;,&quot;size&quot;:20,&quot;sizes&quot;:[]},&quot;sg_content_excerpt_more&quot;:&quot;...&quot;,&quot;sg_content_readmore_enable&quot;:&quot;&quot;,&quot;sg_content_readmore_icon&quot;:{&quot;value&quot;:&quot;fas fa-arrow-right&quot;,&quot;library&quot;:&quot;fa-solid&quot;},&quot;sg_content_readmore_icon_position&quot;:&quot;after&quot;,&quot;sg_content_readmore_text&quot;:&quot;Read More&quot;,&quot;sg_content_comment_enable&quot;:&quot;&quot;,&quot;sg_content_comment_icon&quot;:{&quot;value&quot;:&quot;fas fa-comment&quot;,&quot;library&quot;:&quot;fa-solid&quot;},&quot;sg_content_comment_icon_position&quot;:&quot;before&quot;,&quot;sg_content_meta_enable&quot;:&quot;&quot;,&quot;sg_content_meta_author_enable&quot;:&quot;&quot;,&quot;sg_content_meta_author_by_text&quot;:&quot;by &quot;,&quot;sg_content_meta_author_icon&quot;:{&quot;value&quot;:&quot;fas fa-user&quot;,&quot;library&quot;:&quot;fa-solid&quot;},&quot;sg_content_meta_author_icon_position&quot;:&quot;before&quot;,&quot;sg_content_meta_date_enable&quot;:&quot;yes&quot;,&quot;sg_content_meta_date_type&quot;:&quot;published&quot;,&quot;sg_content_meta_date_format&quot;:&quot;default&quot;,&quot;sg_content_meta_date_format_custom&quot;:&quot;F j, Y&quot;,&quot;sg_content_meta_date_icon&quot;:{&quot;value&quot;:&quot;fas fa-clock&quot;,&quot;library&quot;:&quot;fa-solid&quot;},&quot;sg_content_meta_date_icon_position&quot;:&quot;before&quot;,&quot;sg_content_image_size_imagesize_size&quot;:&quot;tk_preview&quot;,&quot;lang&quot;:&quot;en&quot;,&quot;paged&quot;:1,&quot;class&quot;:&quot;jkit_post_block&quot;}\"><div class=\"jkit-block-container\"><div class=\"jkit-posts jkit-ajax-flag\">\n            <article class=\"jkit-post post-649 post type-post status-publish format-image has-post-thumbnail hentry category-actualites-et-evenements category-news-and-events post_format-post-format-image\">\n                    <div class=\"jkit-thumb\"><a aria-label=\"12 ao\u00fbt 2023 | Zafem \u00e0 Le Manguier (Hinche)\" href=\"https:\/\/www.tcomhaiti.com\/en\/12-aout-2023-zafem-a-le-manguier-hinche\/\"><div class=\"thumbnail-container \">\n            <img loading=\"lazy\" decoding=\"async\" width=\"1200\" height=\"1440\" src=\"https:\/\/www.tcomhaiti.com\/wp-content\/uploads\/2023\/07\/zafem-hinche.webp\" class=\"attachment-tk_preview size-tk_preview wp-post-image\" alt=\"\" loading=\"lazy\" srcset=\"https:\/\/www.tcomhaiti.com\/wp-content\/uploads\/2023\/07\/zafem-hinche.webp 1200w, https:\/\/www.tcomhaiti.com\/wp-content\/uploads\/2023\/07\/zafem-hinche-250x300.webp 250w, https:\/\/www.tcomhaiti.com\/wp-content\/uploads\/2023\/07\/zafem-hinche-853x1024.webp 853w, https:\/\/www.tcomhaiti.com\/wp-content\/uploads\/2023\/07\/zafem-hinche-768x922.webp 768w\" sizes=\"auto, (max-width: 1200px) 100vw, 1200px\" \/>\n        <\/div><\/a><\/div>\n                    <div class=\"jkit-postblock-content\"><h3 class=\"jkit-post-title\">\n\t\t\t\t\t\t\t<a href=\"https:\/\/www.tcomhaiti.com\/en\/12-aout-2023-zafem-a-le-manguier-hinche\/\">12 ao\u00fbt 2023 | Zafem \u00e0 Le Manguier (Hinche)<\/a>\n\t\t\t\t\t\t<\/h3><\/div>\n                <\/article><article class=\"jkit-post post-661 post type-post status-publish format-standard has-post-thumbnail hentry category-actualites-et-evenements category-news-and-events\">\n                    <div class=\"jkit-thumb\"><a aria-label=\"13 ao\u00fbt 2023 | Zafem &#8211; Grande Premi\u00e8re en R\u00e9p. Dominicaine\" href=\"https:\/\/www.tcomhaiti.com\/en\/13-aout-2023-zafem-grande-premiere-en-rep-dominicaine\/\"><div class=\"thumbnail-container \">\n            <img loading=\"lazy\" decoding=\"async\" width=\"1200\" height=\"1440\" src=\"https:\/\/www.tcomhaiti.com\/wp-content\/uploads\/zafem-rd.webp\" class=\"attachment-tk_preview size-tk_preview wp-post-image\" alt=\"\" loading=\"lazy\" srcset=\"https:\/\/www.tcomhaiti.com\/wp-content\/uploads\/zafem-rd.webp 1200w, https:\/\/www.tcomhaiti.com\/wp-content\/uploads\/zafem-rd-250x300.webp 250w, https:\/\/www.tcomhaiti.com\/wp-content\/uploads\/zafem-rd-853x1024.webp 853w, https:\/\/www.tcomhaiti.com\/wp-content\/uploads\/zafem-rd-768x922.webp 768w\" sizes=\"auto, (max-width: 1200px) 100vw, 1200px\" \/>\n        <\/div><\/a><\/div>\n                    <div class=\"jkit-postblock-content\"><h3 class=\"jkit-post-title\">\n\t\t\t\t\t\t\t<a href=\"https:\/\/www.tcomhaiti.com\/en\/13-aout-2023-zafem-grande-premiere-en-rep-dominicaine\/\">13 ao\u00fbt 2023 | Zafem &#8211; Grande Premi\u00e8re en R\u00e9p. Dominicaine<\/a>\n\t\t\t\t\t\t<\/h3><\/div>\n                <\/article><article class=\"jkit-post post-643 post type-post status-publish format-standard has-post-thumbnail hentry category-actualites-et-evenements category-news-and-events\">\n                    <div class=\"jkit-thumb\"><a aria-label=\"17 ao\u00fbt 2023 | Zafem sou Boulva (Cap-Ha\u00eftien)\" href=\"https:\/\/www.tcomhaiti.com\/en\/17-aout-2023-zafem-sou-boulva-cap-haitien\/\"><div class=\"thumbnail-container \">\n            <img loading=\"lazy\" decoding=\"async\" width=\"1200\" height=\"1440\" src=\"https:\/\/www.tcomhaiti.com\/wp-content\/uploads\/2023\/07\/zafem-okap.webp\" class=\"attachment-tk_preview size-tk_preview wp-post-image\" alt=\"\" loading=\"lazy\" srcset=\"https:\/\/www.tcomhaiti.com\/wp-content\/uploads\/2023\/07\/zafem-okap.webp 1200w, https:\/\/www.tcomhaiti.com\/wp-content\/uploads\/2023\/07\/zafem-okap-250x300.webp 250w, https:\/\/www.tcomhaiti.com\/wp-content\/uploads\/2023\/07\/zafem-okap-853x1024.webp 853w, https:\/\/www.tcomhaiti.com\/wp-content\/uploads\/2023\/07\/zafem-okap-768x922.webp 768w\" sizes=\"auto, (max-width: 1200px) 100vw, 1200px\" \/>\n        <\/div><\/a><\/div>\n                    <div class=\"jkit-postblock-content\"><h3 class=\"jkit-post-title\">\n\t\t\t\t\t\t\t<a href=\"https:\/\/www.tcomhaiti.com\/en\/17-aout-2023-zafem-sou-boulva-cap-haitien\/\">17 ao\u00fbt 2023 | Zafem sou Boulva (Cap-Ha\u00eftien)<\/a>\n\t\t\t\t\t\t<\/h3><\/div>\n                <\/article><article class=\"jkit-post post-223 post type-post status-publish format-standard has-post-thumbnail hentry category-actualites-et-evenements category-news-and-events\">\n                    <div class=\"jkit-thumb\"><a aria-label=\"Joslord Elmilus, nouveau manager de l\u2019artiste Pierre Jean\" href=\"https:\/\/www.tcomhaiti.com\/en\/joslord-elmilus-nouveau-manager-de-lartiste-pierre-jean\/\"><div class=\"thumbnail-container \">\n            <img loading=\"lazy\" decoding=\"async\" width=\"1280\" height=\"932\" src=\"https:\/\/www.tcomhaiti.com\/wp-content\/uploads\/2023\/03\/joslord_elmilus.jpg\" class=\"attachment-tk_preview size-tk_preview wp-post-image\" alt=\"\" loading=\"lazy\" srcset=\"https:\/\/www.tcomhaiti.com\/wp-content\/uploads\/2023\/03\/joslord_elmilus.jpg 1280w, https:\/\/www.tcomhaiti.com\/wp-content\/uploads\/2023\/03\/joslord_elmilus-300x218.jpg 300w, https:\/\/www.tcomhaiti.com\/wp-content\/uploads\/2023\/03\/joslord_elmilus-1024x746.jpg 1024w, https:\/\/www.tcomhaiti.com\/wp-content\/uploads\/2023\/03\/joslord_elmilus-768x559.jpg 768w\" sizes=\"auto, (max-width: 1280px) 100vw, 1280px\" \/>\n        <\/div><\/a><\/div>\n                    <div class=\"jkit-postblock-content\"><h3 class=\"jkit-post-title\">\n\t\t\t\t\t\t\t<a href=\"https:\/\/www.tcomhaiti.com\/en\/joslord-elmilus-nouveau-manager-de-lartiste-pierre-jean\/\">Joslord Elmilus, nouveau manager de l\u2019artiste Pierre Jean<\/a>\n\t\t\t\t\t\t<\/h3><\/div>\n                <\/article>\n        <\/div><div class=\"jkit-preloader-overlay\">\n\t\t\t\t\t<div class=\"jkit-preloader-type jkit-preloader-dot\">\n\t\t\t\t\t\t<div class=\"jkit-preloader\">\n\t\t\t\t\t\t\t<span><\/span><span><\/span><span><\/span>\n\t\t\t\t\t\t<\/div>\n\t\t\t\t\t<\/div>\n\t\t\t\t<\/div><\/div><div class=\"jkit-block-pagination jkit-align\"><div class=\"jkit-pagination-button jkit-block-nextprev jkit-nextprev-normal\">\n\t\t\t\t\t\t<a href=\"#\" class=\"prev disabled\" title=\"Previous\"><i aria-hidden=\"true\" class=\"jki jki-angle-left-solid\"><\/i><\/a>\n\t\t\t\t\t\t<a href=\"#\" class=\"next disabled\" title=\"Next\"><i aria-hidden=\"true\" class=\"jki jki-angle-right-solid\"><\/i><\/a>\n\t\t\t\t\t<\/div><\/div><\/div>\t\t\t\t<\/div>\n\t\t\t\t<\/div>\n\t\t\t\t\t<\/div>\n\t\t<\/div>\n\t\t\t\t\t<\/div>\n\t\t<\/section>\n\t\t\t\t<section class=\"elementor-section elementor-top-section elementor-element elementor-element-31fc5a52 elementor-section-boxed elementor-section-height-default elementor-section-height-default\" data-id=\"31fc5a52\" data-element_type=\"section\">\n\t\t\t\t\t\t<div class=\"elementor-container elementor-column-gap-default\">\n\t\t\t\t\t<div class=\"elementor-column elementor-col-100 elementor-top-column elementor-element elementor-element-6db4266f\" data-id=\"6db4266f\" data-element_type=\"column\">\n\t\t\t<div class=\"elementor-widget-wrap elementor-element-populated\">\n\t\t\t\t\t\t<section class=\"elementor-section elementor-inner-section elementor-element elementor-element-1093f49f elementor-section-boxed elementor-section-height-default elementor-section-height-default\" data-id=\"1093f49f\" data-element_type=\"section\">\n\t\t\t\t\t\t<div class=\"elementor-container elementor-column-gap-no\">\n\t\t\t\t\t<div class=\"elementor-column elementor-col-50 elementor-inner-column elementor-element elementor-element-3c298b35\" data-id=\"3c298b35\" data-element_type=\"column\">\n\t\t\t<div class=\"elementor-widget-wrap elementor-element-populated\">\n\t\t\t\t\t\t<div class=\"elementor-element elementor-element-51459302 elementor-widget elementor-widget-spacer\" data-id=\"51459302\" data-element_type=\"widget\" data-widget_type=\"spacer.default\">\n\t\t\t\t<div class=\"elementor-widget-container\">\n\t\t\t\t\t\t\t<div class=\"elementor-spacer\">\n\t\t\t<div class=\"elementor-spacer-inner\"><\/div>\n\t\t<\/div>\n\t\t\t\t\t\t<\/div>\n\t\t\t\t<\/div>\n\t\t\t\t\t<\/div>\n\t\t<\/div>\n\t\t\t\t<div class=\"elementor-column elementor-col-50 elementor-inner-column elementor-element elementor-element-27ef9264\" data-id=\"27ef9264\" data-element_type=\"column\" data-settings=\"{&quot;background_background&quot;:&quot;classic&quot;}\">\n\t\t\t<div class=\"elementor-widget-wrap\">\n\t\t\t\t\t\t\t<\/div>\n\t\t<\/div>\n\t\t\t\t\t<\/div>\n\t\t<\/section>\n\t\t\t\t\t<\/div>\n\t\t<\/div>\n\t\t\t\t\t<\/div>\n\t\t<\/section>\n\t\t\t\t<\/div>\n\t\t","protected":false},"excerpt":{"rendered":"<p>News &#038; Events All the news from TCOM and its artists. No Content Available<\/p>\n","protected":false},"author":2,"featured_media":0,"parent":0,"menu_order":0,"comment_status":"closed","ping_status":"closed","template":"","meta":{"site-sidebar-layout":"no-sidebar","site-content-layout":"page-builder","ast-site-content-layout":"default","site-content-style":"default","site-sidebar-style":"default","ast-global-header-display":"","ast-banner-title-visibility":"","ast-main-header-display":"","ast-hfb-above-header-display":"","ast-hfb-below-header-display":"","ast-hfb-mobile-header-display":"","site-post-title":"disabled","ast-breadcrumbs-content":"","ast-featured-img":"disabled","footer-sml-layout":"","theme-transparent-header-meta":"default","adv-header-id-meta":"","stick-header-meta":"","header-above-stick-meta":"","header-main-stick-meta":"","header-below-stick-meta":"","astra-migrate-meta-layouts":"default","ast-page-background-enabled":"default","ast-page-background-meta":{"desktop":{"background-color":"var(--ast-global-color-4)","background-image":"","background-repeat":"repeat","background-position":"center center","background-size":"auto","background-attachment":"scroll","background-type":"","background-media":"","overlay-type":"","overlay-color":"","overlay-opacity":"","overlay-gradient":""},"tablet":{"background-color":"","background-image":"","background-repeat":"repeat","background-position":"center center","background-size":"auto","background-attachment":"scroll","background-type":"","background-media":"","overlay-type":"","overlay-color":"","overlay-opacity":"","overlay-gradient":""},"mobile":{"background-color":"","background-image":"","background-repeat":"repeat","background-position":"center center","background-size":"auto","background-attachment":"scroll","background-type":"","background-media":"","overlay-type":"","overlay-color":"","overlay-opacity":"","overlay-gradient":""}},"ast-content-background-meta":{"desktop":{"background-color":"var(--ast-global-color-5)","background-image":"","background-repeat":"repeat","background-position":"center center","background-size":"auto","background-attachment":"scroll","background-type":"","background-media":"","overlay-type":"","overlay-color":"","overlay-opacity":"","overlay-gradient":""},"tablet":{"background-color":"var(--ast-global-color-5)","background-image":"","background-repeat":"repeat","background-position":"center center","background-size":"auto","background-attachment":"scroll","background-type":"","background-media":"","overlay-type":"","overlay-color":"","overlay-opacity":"","overlay-gradient":""},"mobile":{"background-color":"var(--ast-global-color-5)","background-image":"","background-repeat":"repeat","background-position":"center center","background-size":"auto","background-attachment":"scroll","background-type":"","background-media":"","overlay-type":"","overlay-color":"","overlay-opacity":"","overlay-gradient":""}},"footnotes":""},"class_list":["post-514","page","type-page","status-publish","hentry"],"_links":{"self":[{"href":"https:\/\/www.tcomhaiti.com\/en\/wp-json\/wp\/v2\/pages\/514","targetHints":{"allow":["GET"]}}],"collection":[{"href":"https:\/\/www.tcomhaiti.com\/en\/wp-json\/wp\/v2\/pages"}],"about":[{"href":"https:\/\/www.tcomhaiti.com\/en\/wp-json\/wp\/v2\/types\/page"}],"author":[{"embeddable":true,"href":"https:\/\/www.tcomhaiti.com\/en\/wp-json\/wp\/v2\/users\/2"}],"replies":[{"embeddable":true,"href":"https:\/\/www.tcomhaiti.com\/en\/wp-json\/wp\/v2\/comments?post=514"}],"version-history":[{"count":5,"href":"https:\/\/www.tcomhaiti.com\/en\/wp-json\/wp\/v2\/pages\/514\/revisions"}],"predecessor-version":[{"id":935,"href":"https:\/\/www.tcomhaiti.com\/en\/wp-json\/wp\/v2\/pages\/514\/revisions\/935"}],"wp:attachment":[{"href":"https:\/\/www.tcomhaiti.com\/en\/wp-json\/wp\/v2\/media?parent=514"}],"curies":[{"name":"wp","href":"https:\/\/api.w.org\/{rel}","templated":true}]}}